{"id":1728,"date":"2022-05-25T15:56:18","date_gmt":"2022-05-25T15:56:18","guid":{"rendered":"https:\/\/enolagest.pt\/news\/"},"modified":"2023-06-06T15:49:37","modified_gmt":"2023-06-06T15:49:37","slug":"news","status":"publish","type":"page","link":"https:\/\/enolagest.pt\/en\/news\/","title":{"rendered":"News"},"content":{"rendered":"\t\t<div data-elementor-type=\"wp-page\" data-elementor-id=\"1728\" class=\"elementor elementor-1728 elementor-17\" data-elementor-post-type=\"page\">\n\t\t\t\t\t\t<section class=\"elementor-section elementor-top-section elementor-element elementor-element-b842a4a elementor-section-boxed elementor-section-height-default elementor-section-height-default\" data-id=\"b842a4a\" data-element_type=\"section\" data-e-type=\"section\" data-settings=\"{&quot;background_background&quot;:&quot;classic&quot;}\">\n\t\t\t\t\t\t<div class=\"elementor-container elementor-column-gap-default\">\n\t\t\t\t\t<div class=\"elementor-column elementor-col-100 elementor-top-column elementor-element elementor-element-6afaea0\" data-id=\"6afaea0\" data-element_type=\"column\" data-e-type=\"column\">\n\t\t\t<div class=\"elementor-widget-wrap elementor-element-populated\">\n\t\t\t\t\t\t<div class=\"elementor-element elementor-element-baaddad elementor-widget elementor-widget-heading\" data-id=\"baaddad\" data-element_type=\"widget\" data-e-type=\"widget\" data-settings=\"{&quot;_animation&quot;:&quot;none&quot;}\" data-widget_type=\"heading.default\">\n\t\t\t\t<div class=\"elementor-widget-container\">\n\t\t\t\t\t<h1 class=\"elementor-heading-title elementor-size-default\">News<\/h1>\t\t\t\t<\/div>\n\t\t\t\t<\/div>\n\t\t\t\t<div class=\"elementor-element elementor-element-3acb41d elementor-widget__width-initial elementor-widget elementor-widget-text-editor\" data-id=\"3acb41d\" data-element_type=\"widget\" data-e-type=\"widget\" data-widget_type=\"text-editor.default\">\n\t\t\t\t<div class=\"elementor-widget-container\">\n\t\t\t\t\t\t\t\t\t<p>News and articles of interest on all sectors of the group<\/p>\n\t\t\t\t\t\t\t\t<\/div>\n\t\t\t\t<\/div>\n\t\t\t\t\t<\/div>\n\t\t<\/div>\n\t\t\t\t\t<\/div>\n\t\t<\/section>\n\t\t\t\t<section class=\"elementor-section elementor-top-section elementor-element elementor-element-4203a57 elementor-section-boxed elementor-section-height-default elementor-section-height-default\" data-id=\"4203a57\" data-element_type=\"section\" data-e-type=\"section\">\n\t\t\t\t\t\t<div class=\"elementor-container elementor-column-gap-default\">\n\t\t\t\t\t<div class=\"elementor-column elementor-col-100 elementor-top-column elementor-element elementor-element-d160d39\" data-id=\"d160d39\" data-element_type=\"column\" data-e-type=\"column\">\n\t\t\t<div class=\"elementor-widget-wrap elementor-element-populated\">\n\t\t\t\t\t\t<div class=\"elementor-element elementor-element-1301880 elementor-grid-tablet-1 elementor-posts--align-left elementor-posts__hover-none elementor-grid-4 elementor-grid-mobile-1 elementor-posts--thumbnail-top elementor-card-shadow-yes elementor-invisible elementor-widget elementor-widget-posts\" data-id=\"1301880\" data-element_type=\"widget\" data-e-type=\"widget\" data-settings=\"{&quot;cards_row_gap&quot;:{&quot;unit&quot;:&quot;px&quot;,&quot;size&quot;:0,&quot;sizes&quot;:[]},&quot;cards_row_gap_tablet&quot;:{&quot;unit&quot;:&quot;px&quot;,&quot;size&quot;:48,&quot;sizes&quot;:[]},&quot;cards_columns_tablet&quot;:&quot;1&quot;,&quot;_animation&quot;:&quot;fadeIn&quot;,&quot;cards_columns&quot;:&quot;4&quot;,&quot;cards_columns_mobile&quot;:&quot;1&quot;,&quot;cards_row_gap_mobile&quot;:{&quot;unit&quot;:&quot;px&quot;,&quot;size&quot;:&quot;&quot;,&quot;sizes&quot;:[]}}\" data-widget_type=\"posts.cards\">\n\t\t\t\t<div class=\"elementor-widget-container\">\n\t\t\t\t\t\t\t<div class=\"elementor-posts-container elementor-posts elementor-posts--skin-cards elementor-grid\" role=\"list\">\n\t\t\t\t<article class=\"elementor-post elementor-grid-item post-1912 post type-post status-publish format-standard has-post-thumbnail hentry category-sem-categoria\" role=\"listitem\">\n\t\t\t<div class=\"elementor-post__card\">\n\t\t\t\t<a class=\"elementor-post__thumbnail__link\" href=\"https:\/\/enolagest.pt\/en\/algarve-tourism-awarded-reinaldo-teixeira-the-gold-medal-in-the-personalities-of-the-year-category\/\" tabindex=\"-1\" ><div class=\"elementor-post__thumbnail\"><img fetchpriority=\"high\" decoding=\"async\" width=\"800\" height=\"555\" src=\"https:\/\/enolagest.pt\/wp-content\/uploads\/2026\/02\/556142155_1264313712161891_3523031536544968921_n-1024x711.jpg\" class=\"attachment-large size-large wp-image-1910\" alt=\"\" srcset=\"https:\/\/enolagest.pt\/wp-content\/uploads\/2026\/02\/556142155_1264313712161891_3523031536544968921_n-1024x711.jpg 1024w, https:\/\/enolagest.pt\/wp-content\/uploads\/2026\/02\/556142155_1264313712161891_3523031536544968921_n-300x208.jpg 300w, https:\/\/enolagest.pt\/wp-content\/uploads\/2026\/02\/556142155_1264313712161891_3523031536544968921_n-768x534.jpg 768w, https:\/\/enolagest.pt\/wp-content\/uploads\/2026\/02\/556142155_1264313712161891_3523031536544968921_n.jpg 1402w\" sizes=\"(max-width: 800px) 100vw, 800px\" \/><\/div><\/a>\n\t\t\t\t<div class=\"elementor-post__text\">\n\t\t\t\t<h2 class=\"elementor-post__title\">\n\t\t\t<a href=\"https:\/\/enolagest.pt\/en\/algarve-tourism-awarded-reinaldo-teixeira-the-gold-medal-in-the-personalities-of-the-year-category\/\" >\n\t\t\t\tAlgarve Tourism awarded Reinaldo Teixeira the Gold Medal in the Personalities of the Year category\t\t\t<\/a>\n\t\t<\/h2>\n\t\t\t\t<div class=\"elementor-post__excerpt\">\n\t\t\t<p>Algarve Tourism awarded Reinaldo Teixeira the Gold Medal in the Personalities of the Year category, as part of the celebration<\/p>\n\t\t<\/div>\n\t\t\t\t\t<div class=\"elementor-post__read-more-wrapper\">\n\t\t\n\t\t<a class=\"elementor-post__read-more\" href=\"https:\/\/enolagest.pt\/en\/algarve-tourism-awarded-reinaldo-teixeira-the-gold-medal-in-the-personalities-of-the-year-category\/\" aria-label=\"Read more about Algarve Tourism awarded Reinaldo Teixeira the Gold Medal in the Personalities of the Year category\" tabindex=\"-1\" >\n\t\t\tRead More\t\t<\/a>\n\n\t\t\t\t\t<\/div>\n\t\t\t\t<\/div>\n\t\t\t\t<div class=\"elementor-post__meta-data\">\n\t\t\t\t\t<span class=\"elementor-post-date\">\n\t\t\tSeptember 27, 2025\t\t<\/span>\n\t\t\t\t<\/div>\n\t\t\t\t\t<\/div>\n\t\t<\/article>\n\t\t\t\t<article class=\"elementor-post elementor-grid-item post-1906 post type-post status-publish format-standard has-post-thumbnail hentry category-sem-categoria\" role=\"listitem\">\n\t\t\t<div class=\"elementor-post__card\">\n\t\t\t\t<a class=\"elementor-post__thumbnail__link\" href=\"https:\/\/enolagest.pt\/en\/reinaldo-teixeira-awarded-gold-merit-medal\/\" tabindex=\"-1\" ><div class=\"elementor-post__thumbnail\"><img decoding=\"async\" width=\"800\" height=\"534\" src=\"https:\/\/enolagest.pt\/wp-content\/uploads\/2026\/02\/503437349_1171557871437476_5887161943889936053_n-1024x683.jpg\" class=\"attachment-large size-large wp-image-1904\" alt=\"\" srcset=\"https:\/\/enolagest.pt\/wp-content\/uploads\/2026\/02\/503437349_1171557871437476_5887161943889936053_n-1024x683.jpg 1024w, https:\/\/enolagest.pt\/wp-content\/uploads\/2026\/02\/503437349_1171557871437476_5887161943889936053_n-300x200.jpg 300w, https:\/\/enolagest.pt\/wp-content\/uploads\/2026\/02\/503437349_1171557871437476_5887161943889936053_n-768x512.jpg 768w, https:\/\/enolagest.pt\/wp-content\/uploads\/2026\/02\/503437349_1171557871437476_5887161943889936053_n-1536x1024.jpg 1536w, https:\/\/enolagest.pt\/wp-content\/uploads\/2026\/02\/503437349_1171557871437476_5887161943889936053_n.jpg 2048w\" sizes=\"(max-width: 800px) 100vw, 800px\" \/><\/div><\/a>\n\t\t\t\t<div class=\"elementor-post__text\">\n\t\t\t\t<h2 class=\"elementor-post__title\">\n\t\t\t<a href=\"https:\/\/enolagest.pt\/en\/reinaldo-teixeira-awarded-gold-merit-medal\/\" >\n\t\t\t\tReinaldo Teixeira Awarded Gold Merit Medal\t\t\t<\/a>\n\t\t<\/h2>\n\t\t\t\t<div class=\"elementor-post__excerpt\">\n\t\t\t<p>Reinaldo Teixeira, director of the Garvetur | Enolagest Group, received the Gold Merit Medal during the Awards Ceremony, as part<\/p>\n\t\t<\/div>\n\t\t\t\t\t<div class=\"elementor-post__read-more-wrapper\">\n\t\t\n\t\t<a class=\"elementor-post__read-more\" href=\"https:\/\/enolagest.pt\/en\/reinaldo-teixeira-awarded-gold-merit-medal\/\" aria-label=\"Read more about Reinaldo Teixeira Awarded Gold Merit Medal\" tabindex=\"-1\" >\n\t\t\tRead More\t\t<\/a>\n\n\t\t\t\t\t<\/div>\n\t\t\t\t<\/div>\n\t\t\t\t<div class=\"elementor-post__meta-data\">\n\t\t\t\t\t<span class=\"elementor-post-date\">\n\t\t\tJune 2, 2025\t\t<\/span>\n\t\t\t\t<\/div>\n\t\t\t\t\t<\/div>\n\t\t<\/article>\n\t\t\t\t<article class=\"elementor-post elementor-grid-item post-1750 post type-post status-publish format-standard has-post-thumbnail hentry category-sem-categoria\" role=\"listitem\">\n\t\t\t<div class=\"elementor-post__card\">\n\t\t\t\t<a class=\"elementor-post__thumbnail__link\" href=\"https:\/\/enolagest.pt\/en\/garvetur-inicia-a-comercializacao-do-condominio-exclusivo-vilamoura-lakes\/\" tabindex=\"-1\" ><div class=\"elementor-post__thumbnail\"><img decoding=\"async\" width=\"800\" height=\"438\" src=\"https:\/\/enolagest.pt\/wp-content\/uploads\/2022\/11\/Garvetur-inicia-a-comercializacao-do-condominio-exclusivo-Vilamoura-Lakes1-1-1024x560.jpg\" class=\"attachment-large size-large wp-image-1691\" alt=\"\" srcset=\"https:\/\/enolagest.pt\/wp-content\/uploads\/2022\/11\/Garvetur-inicia-a-comercializacao-do-condominio-exclusivo-Vilamoura-Lakes1-1-1024x560.jpg 1024w, https:\/\/enolagest.pt\/wp-content\/uploads\/2022\/11\/Garvetur-inicia-a-comercializacao-do-condominio-exclusivo-Vilamoura-Lakes1-1-300x164.jpg 300w, https:\/\/enolagest.pt\/wp-content\/uploads\/2022\/11\/Garvetur-inicia-a-comercializacao-do-condominio-exclusivo-Vilamoura-Lakes1-1-768x420.jpg 768w, https:\/\/enolagest.pt\/wp-content\/uploads\/2022\/11\/Garvetur-inicia-a-comercializacao-do-condominio-exclusivo-Vilamoura-Lakes1-1-600x328.jpg 600w, https:\/\/enolagest.pt\/wp-content\/uploads\/2022\/11\/Garvetur-inicia-a-comercializacao-do-condominio-exclusivo-Vilamoura-Lakes1-1.jpg 1280w\" sizes=\"(max-width: 800px) 100vw, 800px\" \/><\/div><\/a>\n\t\t\t\t<div class=\"elementor-post__text\">\n\t\t\t\t<h2 class=\"elementor-post__title\">\n\t\t\t<a href=\"https:\/\/enolagest.pt\/en\/garvetur-inicia-a-comercializacao-do-condominio-exclusivo-vilamoura-lakes\/\" >\n\t\t\t\tGarvetur inicia a comercializa\u00e7\u00e3o do condom\u00ednio exclusivo Vilamoura Lakes\t\t\t<\/a>\n\t\t<\/h2>\n\t\t\t\t<div class=\"elementor-post__excerpt\">\n\t\t\t<p>A Garvetur vai iniciar a comercializa\u00e7\u00e3o, como mediadora exclusiva do Vilamoura Lakes, um conjunto de 32 apartamentos situado numa das<\/p>\n\t\t<\/div>\n\t\t\t\t\t<div class=\"elementor-post__read-more-wrapper\">\n\t\t\n\t\t<a class=\"elementor-post__read-more\" href=\"https:\/\/enolagest.pt\/en\/garvetur-inicia-a-comercializacao-do-condominio-exclusivo-vilamoura-lakes\/\" aria-label=\"Read more about Garvetur inicia a comercializa\u00e7\u00e3o do condom\u00ednio exclusivo Vilamoura Lakes\" tabindex=\"-1\" >\n\t\t\tRead More\t\t<\/a>\n\n\t\t\t\t\t<\/div>\n\t\t\t\t<\/div>\n\t\t\t\t<div class=\"elementor-post__meta-data\">\n\t\t\t\t\t<span class=\"elementor-post-date\">\n\t\t\tMay 20, 2022\t\t<\/span>\n\t\t\t\t<\/div>\n\t\t\t\t\t<\/div>\n\t\t<\/article>\n\t\t\t\t<article class=\"elementor-post elementor-grid-item post-1747 post type-post status-publish format-standard has-post-thumbnail hentry category-sem-categoria\" role=\"listitem\">\n\t\t\t<div class=\"elementor-post__card\">\n\t\t\t\t<a class=\"elementor-post__thumbnail__link\" href=\"https:\/\/enolagest.pt\/en\/garvetur-distinguiu-os-melhores-de-2021\/\" tabindex=\"-1\" ><div class=\"elementor-post__thumbnail\"><img loading=\"lazy\" decoding=\"async\" width=\"800\" height=\"438\" src=\"https:\/\/enolagest.pt\/wp-content\/uploads\/2022\/04\/Garvetur-distinguiu-os-melhores-de-2021-1-1024x560.jpg\" class=\"attachment-large size-large wp-image-1692\" alt=\"\" srcset=\"https:\/\/enolagest.pt\/wp-content\/uploads\/2022\/04\/Garvetur-distinguiu-os-melhores-de-2021-1-1024x560.jpg 1024w, https:\/\/enolagest.pt\/wp-content\/uploads\/2022\/04\/Garvetur-distinguiu-os-melhores-de-2021-1-300x164.jpg 300w, https:\/\/enolagest.pt\/wp-content\/uploads\/2022\/04\/Garvetur-distinguiu-os-melhores-de-2021-1-768x420.jpg 768w, https:\/\/enolagest.pt\/wp-content\/uploads\/2022\/04\/Garvetur-distinguiu-os-melhores-de-2021-1-600x328.jpg 600w, https:\/\/enolagest.pt\/wp-content\/uploads\/2022\/04\/Garvetur-distinguiu-os-melhores-de-2021-1.jpg 1280w\" sizes=\"(max-width: 800px) 100vw, 800px\" \/><\/div><\/a>\n\t\t\t\t<div class=\"elementor-post__text\">\n\t\t\t\t<h2 class=\"elementor-post__title\">\n\t\t\t<a href=\"https:\/\/enolagest.pt\/en\/garvetur-distinguiu-os-melhores-de-2021\/\" >\n\t\t\t\tGarvetur distinguiu os melhores de 2021\t\t\t<\/a>\n\t\t<\/h2>\n\t\t\t\t<div class=\"elementor-post__excerpt\">\n\t\t\t<p>O I Semin\u00e1rio de Vendas de 2022 teve lugar em Loul\u00e9, onde a Garvetur reuniu os seus colaboradores para apresenta\u00e7\u00e3o<\/p>\n\t\t<\/div>\n\t\t\t\t\t<div class=\"elementor-post__read-more-wrapper\">\n\t\t\n\t\t<a class=\"elementor-post__read-more\" href=\"https:\/\/enolagest.pt\/en\/garvetur-distinguiu-os-melhores-de-2021\/\" aria-label=\"Read more about Garvetur distinguiu os melhores de 2021\" tabindex=\"-1\" >\n\t\t\tRead More\t\t<\/a>\n\n\t\t\t\t\t<\/div>\n\t\t\t\t<\/div>\n\t\t\t\t<div class=\"elementor-post__meta-data\">\n\t\t\t\t\t<span class=\"elementor-post-date\">\n\t\t\tApril 18, 2022\t\t<\/span>\n\t\t\t\t<\/div>\n\t\t\t\t\t<\/div>\n\t\t<\/article>\n\t\t\t\t<\/div>\n\t\t\n\t\t\t\t\t\t<\/div>\n\t\t\t\t<\/div>\n\t\t\t\t\t<\/div>\n\t\t<\/div>\n\t\t\t\t\t<\/div>\n\t\t<\/section>\n\t\t\t\t<\/div>\n\t\t","protected":false},"excerpt":{"rendered":"<p>News News and articles of interest on all sectors of the group<\/p>\n","protected":false},"author":4,"featured_media":0,"parent":0,"menu_order":4,"comment_status":"closed","ping_status":"closed","template":"elementor_header_footer","meta":{"footnotes":""},"class_list":["post-1728","page","type-page","status-publish","hentry"],"_links":{"self":[{"href":"https:\/\/enolagest.pt\/en\/wp-json\/wp\/v2\/pages\/1728","targetHints":{"allow":["GET"]}}],"collection":[{"href":"https:\/\/enolagest.pt\/en\/wp-json\/wp\/v2\/pages"}],"about":[{"href":"https:\/\/enolagest.pt\/en\/wp-json\/wp\/v2\/types\/page"}],"author":[{"embeddable":true,"href":"https:\/\/enolagest.pt\/en\/wp-json\/wp\/v2\/users\/4"}],"replies":[{"embeddable":true,"href":"https:\/\/enolagest.pt\/en\/wp-json\/wp\/v2\/comments?post=1728"}],"version-history":[{"count":0,"href":"https:\/\/enolagest.pt\/en\/wp-json\/wp\/v2\/pages\/1728\/revisions"}],"wp:attachment":[{"href":"https:\/\/enolagest.pt\/en\/wp-json\/wp\/v2\/media?parent=1728"}],"curies":[{"name":"wp","href":"https:\/\/api.w.org\/{rel}","templated":true}]}}